{"id":4467,"date":"2017-06-16T20:24:31","date_gmt":"2017-06-16T20:24:31","guid":{"rendered":"http:\/\/nueva.razacomica.cl\/?page_id=4467"},"modified":"2017-07-02T02:28:35","modified_gmt":"2017-07-02T02:28:35","slug":"somos","status":"publish","type":"page","link":"https:\/\/razacomica.cl\/sitio\/somos\/","title":{"rendered":"Somos"},"content":{"rendered":"<p><\/p>\n<h6 style=\"text-align: center;\"><strong>SOMOS<\/strong><\/h6>\n<p><\/p>\n<h6 style=\"text-align: justify;\">La Raza C\u00f3mica abre una persiana americana en formato revista para reflexionar en torno a los procesos de civilizaci\u00f3n y barbarie que han intentado despojar a Latinoam\u00e9rica del lazo indisoluble entre cultura y pol\u00edtica. Lo hace desde las cornisas de la ciudad letrada, utilizando el privilegio de la educaci\u00f3n para cuestionar sus contornos; con el \u00edmpetu antropof\u00e1gico y experimental del <em>tupi or not tupi<\/em>, y sin miedo a ser acusada de andar agarrando pueblo; consciente de haber sido alimentada con las entra\u00f1as de un monstruo envasado, importado, engullido y escupido en el espacio p\u00fablico; y lo hace muchas veces enajenada en sus propias m\u00e1scaras blancas, apuntada como la peor de todas, pero convencida de querer desalambrar fronteras y territorios para los de su clase.<\/h6>\n<p>&nbsp;<\/p>\n<h6 style=\"text-align: justify;\">La Raza C\u00f3mica se pone la m\u00e1scara andina para situar su discurso, para escribir en el aire con el dedo, para pensar en voz alta y construir\u00a0luego siete, y mil ensayos sobre la realidad latinoamericana.<\/h6>\n<p><\/p>\n<h6 style=\"text-align: center;\">\u00a0<\/h6>\n<h6 style=\"text-align: center;\">\u00a0<\/h6>\n<h6 style=\"text-align: center;\">\u00a0<\/h6>\n<h6 style=\"text-align: center;\">***<\/h6>\n<p><\/p>\n<h6 style=\"text-align: center;\"><strong>EL PROYECTO<\/strong><\/h6>\n<p><\/p>\n<h6 style=\"text-align: left;\">\u00a0<\/h6>\n<h6 style=\"text-align: left;\"><strong>\u00bfQu\u00e9 es La Raza C\u00f3mica? <\/strong><\/h6>\n<h6 style=\"text-align: left;\">La Raza C\u00f3mica es una revista de cultura y pol\u00edtica latinoamericana. En ese orden y con ese horizonte.<\/h6>\n<p>&nbsp;<\/p>\n<h6 style=\"text-align: left;\"><strong>\u00bfQui\u00e9nes la impulsan?<\/strong><\/h6>\n<h6 style=\"text-align: left;\">Somos un equipo de trabajadores de la cultura con distintas trayectorias de vida, oficios y reflexiones sobre el quehacer art\u00edstico en Chile, pero que comparte un inter\u00e9s com\u00fan por ampliar nuestras miradas sobre Latinoam\u00e9rica.<\/h6>\n<h6 style=\"text-align: left;\">\u00a0<\/h6>\n<h6 style=\"text-align: left;\">Somos un proyecto colectivo en marcha que intenta aportar con trabajo intelectual a los procesos de transformaci\u00f3n del pa\u00eds.<\/h6>\n<p class=\"align-right\">\u00a0<\/p>\n<h6 style=\"text-align: left;\">No somos el frente art\u00edstico\u2013cultural ni el centro de pensamiento cr\u00edtico de ninguna fuerza pol\u00edtica y, a\u00fan as\u00ed, trabajamos desde la cultura para que la construcci\u00f3n de una nueva pol\u00edtica se haga cargo de los lastres hist\u00f3ricos de nuestro continente: el racismo y el colonialismo de representantes y representaciones.<\/h6>\n<p>&nbsp;<\/p>\n<h6 style=\"text-align: left;\"><strong>\u00bfQu\u00e9 significa La Raza C\u00f3mica?<\/strong><\/h6>\n<h6 style=\"text-align: left;\">La Raza C\u00f3mica es aplauso y parodia al decisivo ensayo que el intelectual mexicano Jos\u00e9 Vasconcelos public\u00f3 en\u00a01925, una lectura cr\u00edtica sobre el devenir tragic\u00f3mico de los proyectos identitarios e integradores del continente. <strong>\u00a0<\/strong><\/h6>\n<p>&nbsp;<\/p>\n<h6 style=\"text-align: left;\"><strong>\u00bfPor qu\u00e9 una revista?<\/strong><\/h6>\n<h6 style=\"text-align: left;\">Porque permite reunir escrituras diversas, poner en di\u00e1logo a distintos autores, soportar diversos registros y porque nos obliga a construir discursos desde la acci\u00f3n. Una revista para armar lazos con otras revistas y disputar en conjunto un lugar en el campo cultural.<\/h6>\n<p>&nbsp;<\/p>\n<h6 style=\"text-align: left;\"><strong>\u00bfC\u00f3mo entendemos el v\u00ednculo entre cultura y pol\u00edtica?<\/strong><\/h6>\n<h6 style=\"text-align: left;\">Tanto el nombre de la revista como sus categor\u00edas de archivo provienen de una tradici\u00f3n cultural que es a su vez expresi\u00f3n hist\u00f3rica y cr\u00edtica de la belleza y el horror latinoamericano.<\/h6>\n<p>&nbsp;<\/p>\n<h6 style=\"text-align: left;\"><strong>\u00bfPor qu\u00e9 Latinoam\u00e9rica?<\/strong><\/h6>\n<h6 style=\"text-align: left;\">Porque hist\u00f3ricamente se han usado marcos de interpretaci\u00f3n europeizantes o propios del imperialismo en desmedro de una matriz de pensamiento situada al sur del mundo.<\/h6>\n<p><\/p>\n","protected":false},"excerpt":{"rendered":"<p>SOMOS La Raza C\u00f3mica abre una persiana americana en formato revista para reflexionar en torno a los procesos de civilizaci\u00f3n y barbarie que han intentado despojar a Latinoam\u00e9rica del lazo indisoluble entre cultura y pol\u00edtica. Lo hace desde las cornisas de la ciudad letrada, utilizando el privilegio de la educaci\u00f3n para cuestionar sus contornos; con [&hellip;]<\/p>\n","protected":false},"author":1,"featured_media":0,"parent":0,"menu_order":0,"comment_status":"closed","ping_status":"closed","template":"full_width.php","meta":{"_acf_changed":false,"footnotes":""},"class_list":["post-4467","page","type-page","status-publish","hentry"],"acf":[],"_links":{"self":[{"href":"https:\/\/razacomica.cl\/sitio\/wp-json\/wp\/v2\/pages\/4467","targetHints":{"allow":["GET"]}}],"collection":[{"href":"https:\/\/razacomica.cl\/sitio\/wp-json\/wp\/v2\/pages"}],"about":[{"href":"https:\/\/razacomica.cl\/sitio\/wp-json\/wp\/v2\/types\/page"}],"author":[{"embeddable":true,"href":"https:\/\/razacomica.cl\/sitio\/wp-json\/wp\/v2\/users\/1"}],"replies":[{"embeddable":true,"href":"https:\/\/razacomica.cl\/sitio\/wp-json\/wp\/v2\/comments?post=4467"}],"version-history":[{"count":0,"href":"https:\/\/razacomica.cl\/sitio\/wp-json\/wp\/v2\/pages\/4467\/revisions"}],"wp:attachment":[{"href":"https:\/\/razacomica.cl\/sitio\/wp-json\/wp\/v2\/media?parent=4467"}],"curies":[{"name":"wp","href":"https:\/\/api.w.org\/{rel}","templated":true}]}}