{"id":4489,"date":"2017-06-16T20:43:00","date_gmt":"2017-06-16T20:43:00","guid":{"rendered":"http:\/\/nueva.razacomica.cl\/?page_id=4489"},"modified":"2017-07-02T02:26:59","modified_gmt":"2017-07-02T02:26:59","slug":"manifiesto","status":"publish","type":"page","link":"https:\/\/razacomica.cl\/sitio\/manifiesto\/","title":{"rendered":"Manifiesto"},"content":{"rendered":"<p><\/p>\n<div class=\"wpb_text_column wpb_content_element \">\u00a0<\/div>\n<h6 style=\"text-align: center;\"><strong>MANIFIESTO<\/strong><\/h6>\n<div class=\"wpb_text_column wpb_content_element \">\u00a0<\/div>\n<p><\/p>\n<div class=\"wpb_text_column wpb_content_element \">\n<div class=\"wpb_wrapper\">\n<p class=\"align-right\">Reivindicamos el absurdo y su subversi\u00f3n, sobre todo cuando la cordura se manifiesta mercantil, canalla y ramplona. Suscribimos al delirio en todas sus divinas contorsiones.<\/p>\n<p>&nbsp;<\/p>\n<p>Creemos, por poner un ejemplo pr\u00e1ctico, en los nacionalismos, siempre y cuando su f\u00e9rrea convicci\u00f3n nos permita abolirlos por completo. Somos, en ese sentido, dial\u00e9cticos hasta las cachas.<\/p>\n<p>&nbsp;<\/p>\n<p>Para terminar, quisi\u00e9ramos comenzar por declarar nuestra irrenunciable vocaci\u00f3n a errar.<\/p>\n<p>&nbsp;<\/p>\n<p>Consideramos que enfatizar el equ\u00edvoco, ese mismo que impulsa a Crist\u00f3bal Col\u00f3n a descubrir su propio extrav\u00edo convencido de que ha recalado en las playas del lejano oriente, fortalece nuestra poderosa debilidad.<\/p>\n<p>&nbsp;<\/p>\n<p>Raza y rareza se trenzan y retumban desde ahora en lo gutural, para orquestar el inminente naufragio en el hemisferio sonoro y escrito de nuestra se\u00f1al (siempre hay pocos santos y muchas se\u00f1as en nuestras reuniones).<\/p>\n<p>&nbsp;<\/p>\n<p>Profesamos seg\u00fan lo dicho una manifiesta devoci\u00f3n por las erratas, una inquebrantable fe por los itinerarios truncos y las rutas deliberadamente zigzagueantes.<\/p>\n<p>&nbsp;<\/p>\n<p>Poseemos una predilecci\u00f3n por el claroscuro y su lechosa teatralidad.<\/p>\n<p>&nbsp;<\/p>\n<p>Confesamos que las zozobras nos atraen m\u00e1s que los trayectos instituidos o los destinos pactados de antemano. Por eso mismo repudiamos la idea de turismo.<\/p>\n<p>&nbsp;<\/p>\n<p>Sentimos la necesidad perentoria de desconocernos a nosotros mismos hasta el punto de reconocernos en la espiral descendente, a medio camino de lo tect\u00f3nico y lo tel\u00farico, pero sin descuidar las superficies.<\/p>\n<p>&nbsp;<\/p>\n<p>Hablamos para no morirnos de mudez y, sin embargo, el silencio tambi\u00e9n nos constituye.<\/p>\n<p>&nbsp;<\/p>\n<p>Propugnamos que lo cultural, aquel galimat\u00edas tan ubicuo como ineludible, es materia medular de an\u00e1lisis en estos tiempos que corren.<\/p>\n<p>&nbsp;<\/p>\n<p>Dado que la producci\u00f3n ha sido desplazada por el consumo en los tiempos del capitalismo tard\u00edo, los l\u00edmites entre cultura, econom\u00eda y pol\u00edtica se nos presentan borroneados.<\/p>\n<p>&nbsp;<\/p>\n<p>El espect\u00e1culo, posicionado en todas \u00e1reas del conocimiento humano, debe ser interpelado. Exigimos el derecho a dinamitar sus m\u00faltiples y din\u00e1micas manifestaciones.<\/p>\n<p>&nbsp;<\/p>\n<p>Dicho todo lo anterior, los miembros de La Raza C\u00f3mica esperan quedar af\u00f3nicos en la tragic\u00f3mica fiesta continental, apostando lo que no tienen, en la inveterada contienda del ekeko contra el imbunche.<\/p>\n<\/div>\n<\/div>\n<div class=\"wpb_text_column wpb_content_element \">\u00a0<\/div>\n<p><\/p>\n<div class=\"wpb_text_column wpb_content_element \">\u00a0<\/div>\n<div class=\"wpb_text_column wpb_content_element \">\n<div class=\"wpb_wrapper\">\n<h6 style=\"text-align: center;\"><strong>Fin del comunicado<\/strong><\/h6>\n<\/div>\n<\/div>\n<p><\/p>\n","protected":false},"excerpt":{"rendered":"<p>\u00a0 MANIFIESTO \u00a0 Reivindicamos el absurdo y su subversi\u00f3n, sobre todo cuando la cordura se manifiesta mercantil, canalla y ramplona. Suscribimos al delirio en todas sus divinas contorsiones. &nbsp; Creemos, por poner un ejemplo pr\u00e1ctico, en los nacionalismos, siempre y cuando su f\u00e9rrea convicci\u00f3n nos permita abolirlos por completo. Somos, en ese sentido, dial\u00e9cticos hasta [&hellip;]<\/p>\n","protected":false},"author":1,"featured_media":0,"parent":0,"menu_order":0,"comment_status":"closed","ping_status":"closed","template":"full_width.php","meta":{"_acf_changed":false,"footnotes":""},"class_list":["post-4489","page","type-page","status-publish","hentry"],"acf":[],"_links":{"self":[{"href":"https:\/\/razacomica.cl\/sitio\/wp-json\/wp\/v2\/pages\/4489","targetHints":{"allow":["GET"]}}],"collection":[{"href":"https:\/\/razacomica.cl\/sitio\/wp-json\/wp\/v2\/pages"}],"about":[{"href":"https:\/\/razacomica.cl\/sitio\/wp-json\/wp\/v2\/types\/page"}],"author":[{"embeddable":true,"href":"https:\/\/razacomica.cl\/sitio\/wp-json\/wp\/v2\/users\/1"}],"replies":[{"embeddable":true,"href":"https:\/\/razacomica.cl\/sitio\/wp-json\/wp\/v2\/comments?post=4489"}],"version-history":[{"count":0,"href":"https:\/\/razacomica.cl\/sitio\/wp-json\/wp\/v2\/pages\/4489\/revisions"}],"wp:attachment":[{"href":"https:\/\/razacomica.cl\/sitio\/wp-json\/wp\/v2\/media?parent=4489"}],"curies":[{"name":"wp","href":"https:\/\/api.w.org\/{rel}","templated":true}]}}