{"id":6374,"date":"2018-03-09T04:23:30","date_gmt":"2018-03-09T04:23:30","guid":{"rendered":"http:\/\/nueva.razacomica.cl\/?page_id=6374"},"modified":"2023-12-11T17:18:46","modified_gmt":"2023-12-11T17:18:46","slug":"especiales","status":"publish","type":"page","link":"https:\/\/razacomica.cl\/sitio\/especiales\/","title":{"rendered":"Especiales"},"content":{"rendered":"<p><\/p>\n<h1 style=\"text-align: left;\"><span style=\"color: #ff0000;\"><span style=\"color: #333333;\">Especial<\/span><\/span><\/h1>\n<p><\/p>\n<h5 style=\"text-align: left;\"><span style=\"color: #ff0000;\"><span style=\"color: #d2001e;\">PAND\u00c9MIKA DIST\u00d3PIKA<\/span><\/span><\/h5>\n<p><\/p>\n<h1 style=\"text-align: left;\"><span style=\"color: #ff0000;\"><span style=\"color: #333333;\">Especial<\/span><\/span><\/h1>\n<p><\/p>\n<h5 style=\"text-align: left;\"><span style=\"color: #ff0000;\"><span style=\"color: #d2001e;\">FANON CITY<\/span><\/span><\/h5>\n<p><\/p>\n<h1 style=\"text-align: left;\"><span style=\"color: #ff0000;\"><span style=\"color: #333333;\">Especial<\/span><\/span><\/h1>\n<p><\/p>\n<h5 style=\"text-align: left;\"><span style=\"color: #ff0000;\"><span style=\"color: #d2001e;\">VIOLETA C\u00d3SMIKA<\/span><\/span><\/h5>\n<p><\/p>\n<h1 style=\"text-align: left;\"><span style=\"color: #ff0000;\"><span style=\"color: #333333;\">Especial<\/span><\/span><\/h1>\n<p><\/p>\n<h5 style=\"text-align: left;\"><span style=\"color: #ff0000;\"><span style=\"color: #d2001e;\">OCTUBRE ROJO: 100 A\u00d1OS<\/span><\/span><\/h5>\n<p><\/p>\n<h1 style=\"text-align: left;\"><span style=\"color: #ff0000;\"><span style=\"color: #333333;\">Especial<\/span><\/span><\/h1>\n<p><\/p>\n<h5 style=\"text-align: left;\"><span style=\"color: #ff0000;\"><span style=\"color: #d2001e;\">CERRADO POR LUTO<\/span><\/span><\/h5>\n<p><\/p>\n<h1 style=\"text-align: left;\"><span style=\"color: #ff0000;\"><span style=\"color: #333333;\">Especial<\/span><\/span><\/h1>\n<p><\/p>\n<h5 style=\"text-align: left;\"><span style=\"color: #ff0000;\"><span style=\"color: #d2001e;\">FEMINISMOS<\/span><\/span><\/h5>\n<p><\/p>\n<h1 style=\"text-align: left;\"><span style=\"color: #ff0000;\"><span style=\"color: #333333;\">Especial<\/span><\/span><\/h1>\n<p><\/p>\n<h5 style=\"text-align: left;\"><span style=\"color: #d2001e;\">CUBA Y FIDEL<\/span><\/h5>\n<p><\/p>\n","protected":false},"excerpt":{"rendered":"<p>Especial PAND\u00c9MIKA DIST\u00d3PIKA Especial FANON CITY Especial VIOLETA C\u00d3SMIKA Especial OCTUBRE ROJO: 100 A\u00d1OS Especial CERRADO POR LUTO Especial FEMINISMOS Especial CUBA Y FIDEL<\/p>\n","protected":false},"author":1,"featured_media":0,"parent":0,"menu_order":0,"comment_status":"closed","ping_status":"closed","template":"","meta":{"_acf_changed":false,"footnotes":""},"class_list":["post-6374","page","type-page","status-publish","hentry"],"acf":[],"_links":{"self":[{"href":"https:\/\/razacomica.cl\/sitio\/wp-json\/wp\/v2\/pages\/6374","targetHints":{"allow":["GET"]}}],"collection":[{"href":"https:\/\/razacomica.cl\/sitio\/wp-json\/wp\/v2\/pages"}],"about":[{"href":"https:\/\/razacomica.cl\/sitio\/wp-json\/wp\/v2\/types\/page"}],"author":[{"embeddable":true,"href":"https:\/\/razacomica.cl\/sitio\/wp-json\/wp\/v2\/users\/1"}],"replies":[{"embeddable":true,"href":"https:\/\/razacomica.cl\/sitio\/wp-json\/wp\/v2\/comments?post=6374"}],"version-history":[{"count":0,"href":"https:\/\/razacomica.cl\/sitio\/wp-json\/wp\/v2\/pages\/6374\/revisions"}],"wp:attachment":[{"href":"https:\/\/razacomica.cl\/sitio\/wp-json\/wp\/v2\/media?parent=6374"}],"curies":[{"name":"wp","href":"https:\/\/api.w.org\/{rel}","templated":true}]}}